{"id":36032,"date":"2025-08-21T23:10:52","date_gmt":"2025-08-21T21:10:52","guid":{"rendered":"https:\/\/wp.hotel-bischofshol.de\/?page_id=36032"},"modified":"2025-08-25T16:58:53","modified_gmt":"2025-08-25T14:58:53","slug":"impressum","status":"publish","type":"page","link":"https:\/\/hotel-bischofshol.de\/en\/impressum\/","title":{"rendered":"Company details"},"content":{"rendered":"<div data-elementor-type=\"wp-page\" data-elementor-id=\"36032\" class=\"elementor elementor-36032\">\n\t\t\t\t\t\t<section class=\"elementor-section elementor-top-section elementor-element elementor-element-2b1184b0 elementor-section-boxed elementor-section-height-default elementor-section-height-default wpr-particle-no wpr-jarallax-no wpr-parallax-no wpr-sticky-section-no sc_fly_static\" data-id=\"2b1184b0\" data-element_type=\"section\" data-settings=\"{&quot;background_background&quot;:&quot;classic&quot;}\">\n\t\t\t\t\t\t<div class=\"elementor-container elementor-column-gap-extended\">\n\t\t\t\t\t<div class=\"elementor-column elementor-col-100 elementor-top-column elementor-element elementor-element-153e1c19 sc_content_align_inherit sc_layouts_column_icons_position_left sc_fly_static\" data-id=\"153e1c19\" data-element_type=\"column\">\n\t\t\t<div class=\"elementor-widget-wrap elementor-element-populated\">\n\t\t\t\t\t\t<div class=\"elementor-element elementor-element-54db29de sc_fly_static elementor-widget elementor-widget-text-editor\" data-id=\"54db29de\" data-element_type=\"widget\" data-widget_type=\"text-editor.default\">\n\t\t\t\t<div class=\"elementor-widget-container\">\n\t\t\t\t\t\t\t\t\t<p class=\"translation-block\"><strong>Bischofshol Gastronomie GmbH &amp; Co. KG<\/strong><br>Bemeroderstra\u00dfe 2<br>30559 Hannover<\/p><p class=\"translation-block\">Tel.: +49 511-95390-0<br>Fax: +49 511-95390-33<\/p><p class=\"translation-block\">HRB 60499<br>HRA 26835<br>Tax number 2521951107<br>Managing Director: Eckhard Horst<\/p><p class=\"translation-block\"><br><strong>Limitation of Liability<\/strong><br>The liability for own and third-party content as well as for links to external sites is conclusively regulated by \u00a7\u00a7 7 ff. of the German Telemedia Act (TMG). These provisions may neither be changed nor restricted. The following statements serve only for brief information:<br><br>We are not responsible for the content of the pages to which our website refers via links. The content is subject to the copyright of the respective providers. Their content does not reflect our opinion, and we have no influence on it. Please contact the respective provider. We expressly point out that we assume no liability for damages of any kind resulting from the use of our online services. Should you arrive at pages via links from our website that violate applicable law, we ask for immediate notification. We will then remove the corresponding link from our offer. If you wish to have a link to your own website removed, please contact us. We will then remove the link. We assume no guarantee for the accessibility or the timeliness of the links listed on our website or our online services.<\/p>\t\t\t\t\t\t\t\t<\/div>\n\t\t\t\t<\/div>\n\t\t\t\t\t<\/div>\n\t\t<\/div>\n\t\t\t\t\t<\/div>\n\t\t<\/section>\n\t\t\t\t<\/div>","protected":false},"excerpt":{"rendered":"<p>Bischofshol Gastronomie GmbH &amp; Co. KGBemeroderstra\u00dfe 230559 Hannover Tel.: +49 511-95390-0Fax: +49 511 -95390-33 HRB 60499HRA 26835Steuernummer 2521951107Gesch\u00e4ftsf\u00fchrer: Eckhard Horst Haftungsbeschr\u00e4nkungDie Haftung f\u00fcr eigene und fremde Inhalte bzw. f\u00fcr Links&hellip;<\/p>","protected":false},"author":2,"featured_media":0,"parent":0,"menu_order":0,"comment_status":"closed","ping_status":"closed","template":"","meta":{"footnotes":""},"class_list":["post-36032","page","type-page","status-publish","hentry"],"_links":{"self":[{"href":"https:\/\/hotel-bischofshol.de\/en\/wp-json\/wp\/v2\/pages\/36032","targetHints":{"allow":["GET"]}}],"collection":[{"href":"https:\/\/hotel-bischofshol.de\/en\/wp-json\/wp\/v2\/pages"}],"about":[{"href":"https:\/\/hotel-bischofshol.de\/en\/wp-json\/wp\/v2\/types\/page"}],"author":[{"embeddable":true,"href":"https:\/\/hotel-bischofshol.de\/en\/wp-json\/wp\/v2\/users\/2"}],"replies":[{"embeddable":true,"href":"https:\/\/hotel-bischofshol.de\/en\/wp-json\/wp\/v2\/comments?post=36032"}],"version-history":[{"count":4,"href":"https:\/\/hotel-bischofshol.de\/en\/wp-json\/wp\/v2\/pages\/36032\/revisions"}],"predecessor-version":[{"id":36036,"href":"https:\/\/hotel-bischofshol.de\/en\/wp-json\/wp\/v2\/pages\/36032\/revisions\/36036"}],"wp:attachment":[{"href":"https:\/\/hotel-bischofshol.de\/en\/wp-json\/wp\/v2\/media?parent=36032"}],"curies":[{"name":"wp","href":"https:\/\/api.w.org\/{rel}","templated":true}]}}