{"id":35790,"date":"2025-08-21T18:59:40","date_gmt":"2025-08-21T16:59:40","guid":{"rendered":"https:\/\/wp.hotel-bischofshol.de\/?page_id=35790"},"modified":"2025-08-27T08:11:25","modified_gmt":"2025-08-27T06:11:25","slug":"terrassen","status":"publish","type":"page","link":"https:\/\/hotel-bischofshol.de\/en\/terrassen\/","title":{"rendered":"Terraces"},"content":{"rendered":"<div data-elementor-type=\"wp-page\" data-elementor-id=\"35790\" class=\"elementor elementor-35790\">\n\t\t\t\t\t\t<section class=\"elementor-section elementor-top-section elementor-element elementor-element-3e65ba5f elementor-section-boxed elementor-section-height-default elementor-section-height-default wpr-particle-no wpr-jarallax-no wpr-parallax-no wpr-sticky-section-no sc_fly_static\" data-id=\"3e65ba5f\" data-element_type=\"section\">\n\t\t\t\t\t\t<div class=\"elementor-container elementor-column-gap-extended\">\n\t\t\t\t\t<div data-animation-type=\"block\" class=\"elementor-column elementor-col-50 elementor-top-column elementor-element elementor-element-163d8353 sc_content_align_inherit sc_layouts_column_icons_position_left animation_type_block sc_fly_static elementor-invisible\" data-id=\"163d8353\" data-element_type=\"column\" data-settings=\"{&quot;animation&quot;:&quot;belicia-fadeinleft&quot;}\">\n\t\t\t<div class=\"elementor-widget-wrap elementor-element-populated\">\n\t\t\t\t\t\t<div class=\"elementor-element elementor-element-58d1954 sc_fly_static elementor-widget elementor-widget-trx_sc_title\" data-id=\"58d1954\" data-element_type=\"widget\" data-widget_type=\"trx_sc_title.default\">\n\t\t\t\t<div class=\"elementor-widget-container\">\n\t\t\t\t\t<div\t\tclass=\"sc_title sc_title_default\" ><span class=\"sc_item_subtitle sc_title_subtitle sc_item_subtitle_above sc_item_title_style_default sc_item_subtitle_with_custom_color trx_addons_inline_454585661\">with retractable roof<\/span><h1 class=\"sc_item_title sc_title_title sc_item_title_style_default sc_item_title_tag trx_addons_inline_1714803492\"\n\t\t\t><span class=\"sc_item_title_text\">Terraces and lounge<\/span><\/h1><\/div>\t\t\t\t<\/div>\n\t\t\t\t<\/div>\n\t\t\t\t<div class=\"elementor-element elementor-element-53d1496 sc_fly_static elementor-widget elementor-widget-text-editor\" data-id=\"53d1496\" data-element_type=\"widget\" data-widget_type=\"text-editor.default\">\n\t\t\t\t<div class=\"elementor-widget-container\">\n\t\t\t\t\t\t\t\t\t<div><p>For many, Bischofshol is a little bit of everything; for some, it is even a temporary home and an oasis amidst the bustling excitement of the big city. Thanks to state-of-the-art sun protection technology, our terraces can be enjoyed regardless of the weather.\u00a0<\/p><\/div>\t\t\t\t\t\t\t\t<\/div>\n\t\t\t\t<\/div>\n\t\t\t\t<div class=\"elementor-element elementor-element-22a28390 no-title e-transform sc_fly_static elementor-widget elementor-widget-image\" data-id=\"22a28390\" data-element_type=\"widget\" data-settings=\"{&quot;_transform_scale_effect_hover&quot;:{&quot;unit&quot;:&quot;px&quot;,&quot;size&quot;:1.01,&quot;sizes&quot;:[]},&quot;_transform_scale_effect_hover_tablet&quot;:{&quot;unit&quot;:&quot;px&quot;,&quot;size&quot;:&quot;&quot;,&quot;sizes&quot;:[]},&quot;_transform_scale_effect_hover_mobile&quot;:{&quot;unit&quot;:&quot;px&quot;,&quot;size&quot;:&quot;&quot;,&quot;sizes&quot;:[]}}\" data-widget_type=\"image.default\">\n\t\t\t\t<div class=\"elementor-widget-container\">\n\t\t\t\t\t\t\t\t\t\t\t\t\t\t\t<img decoding=\"async\" src=\"https:\/\/hotel-bischofshol.de\/wp-content\/uploads\/elementor\/thumbs\/475813985_9656686704370569_6477049942070610512_n-rallh2x46s6n152hq7uucaj69f0vlyooz6q9z1qpss.jpg\" title=\"475813985_9656686704370569_6477049942070610512_n\" alt=\"475813985_9656686704370569_6477049942070610512_n\" loading=\"lazy\" \/>\t\t\t\t\t\t\t\t\t\t\t\t\t\t\t<\/div>\n\t\t\t\t<\/div>\n\t\t\t\t\t<\/div>\n\t\t<\/div>\n\t\t\t\t<div data-animation-type=\"block\" class=\"elementor-column elementor-col-50 elementor-top-column elementor-element elementor-element-71459667 sc_content_align_inherit sc_layouts_column_icons_position_left animation_type_block sc_fly_static elementor-invisible\" data-id=\"71459667\" data-element_type=\"column\" data-settings=\"{&quot;animation&quot;:&quot;belicia-fadeinright&quot;}\">\n\t\t\t<div class=\"elementor-widget-wrap elementor-element-populated\">\n\t\t\t\t\t\t<div class=\"elementor-element elementor-element-3c7f6f38 no-title e-transform sc_fly_static elementor-widget elementor-widget-image\" data-id=\"3c7f6f38\" data-element_type=\"widget\" data-settings=\"{&quot;_transform_scale_effect_hover&quot;:{&quot;unit&quot;:&quot;px&quot;,&quot;size&quot;:1.01,&quot;sizes&quot;:[]},&quot;_transform_scale_effect_hover_tablet&quot;:{&quot;unit&quot;:&quot;px&quot;,&quot;size&quot;:&quot;&quot;,&quot;sizes&quot;:[]},&quot;_transform_scale_effect_hover_mobile&quot;:{&quot;unit&quot;:&quot;px&quot;,&quot;size&quot;:&quot;&quot;,&quot;sizes&quot;:[]}}\" data-widget_type=\"image.default\">\n\t\t\t\t<div class=\"elementor-widget-container\">\n\t\t\t\t\t\t\t\t\t\t\t\t\t\t\t<img decoding=\"async\" src=\"https:\/\/hotel-bischofshol.de\/wp-content\/uploads\/elementor\/thumbs\/487503751_10027189073986995_3732366548020043864_n-raksxt2z11xaj18oa695birqhmbnaghd2nmoggw1zw.jpg\" title=\"Unsere K\u00fcche im Restaurant und Biergarten\" alt=\"Unsere K\u00fcche im Restaurant und Biergarten\" loading=\"lazy\" \/>\t\t\t\t\t\t\t\t\t\t\t\t\t\t\t<\/div>\n\t\t\t\t<\/div>\n\t\t\t\t<section class=\"elementor-section elementor-inner-section elementor-element elementor-element-100694 elementor-section-boxed elementor-section-height-default elementor-section-height-default wpr-particle-no wpr-jarallax-no wpr-parallax-no wpr-sticky-section-no sc_fly_static\" data-id=\"100694\" data-element_type=\"section\">\n\t\t\t\t\t\t<div class=\"elementor-container elementor-column-gap-no\">\n\t\t\t\t\t<div class=\"elementor-column elementor-col-100 elementor-inner-column elementor-element elementor-element-5d7ca75b sc_content_align_inherit sc_layouts_column_icons_position_left sc_fly_static\" data-id=\"5d7ca75b\" data-element_type=\"column\">\n\t\t\t<div class=\"elementor-widget-wrap elementor-element-populated\">\n\t\t\t\t\t\t<div class=\"elementor-element elementor-element-1b433cd9 sc_fly_static elementor-widget elementor-widget-text-editor\" data-id=\"1b433cd9\" data-element_type=\"widget\" data-widget_type=\"text-editor.default\">\n\t\t\t\t<div class=\"elementor-widget-container\">\n\t\t\t\t\t\t\t\t\t<div>In summer, cool shaded spots invite you to linger. Even rain showers can no longer spoil the pleasure of being outdoors. And of course, you will also be excellently catered for on our terraces.<\/div><div>\u00a0<\/div><div>With our lounge furniture, you can feel just as comfortable outside as inside. And upon request, the outdoor area can be included for celebrations and other larger events.<\/div>\t\t\t\t\t\t\t\t<\/div>\n\t\t\t\t<\/div>\n\t\t\t\t\t<\/div>\n\t\t<\/div>\n\t\t\t\t\t<\/div>\n\t\t<\/section>\n\t\t\t\t\t<\/div>\n\t\t<\/div>\n\t\t\t\t\t<\/div>\n\t\t<\/section>\n\t\t\t\t<section class=\"elementor-section elementor-top-section elementor-element elementor-element-584ced14 scheme_default elementor-section-boxed elementor-section-height-default elementor-section-height-default wpr-particle-no wpr-jarallax-no wpr-parallax-no wpr-sticky-section-no sc_fly_static\" data-id=\"584ced14\" data-element_type=\"section\" data-settings=\"{&quot;background_background&quot;:&quot;classic&quot;}\">\n\t\t\t\t\t\t\t<div class=\"elementor-background-overlay\"><\/div>\n\t\t\t\t\t\t\t<div class=\"elementor-container elementor-column-gap-extended\">\n\t\t\t\t\t<div class=\"elementor-column elementor-col-100 elementor-top-column elementor-element elementor-element-80678c6 sc_content_align_inherit sc_layouts_column_icons_position_left sc_fly_static\" data-id=\"80678c6\" data-element_type=\"column\">\n\t\t\t<div class=\"elementor-widget-wrap elementor-element-populated\">\n\t\t\t\t\t\t<div class=\"elementor-element elementor-element-3684ff8c sc_fly_static elementor-widget elementor-widget-spacer\" data-id=\"3684ff8c\" data-element_type=\"widget\" data-widget_type=\"spacer.default\">\n\t\t\t\t<div class=\"elementor-widget-container\">\n\t\t\t\t\t\t\t<div class=\"elementor-spacer\">\n\t\t\t<div class=\"elementor-spacer-inner\"><\/div>\n\t\t<\/div>\n\t\t\t\t\t\t<\/div>\n\t\t\t\t<\/div>\n\t\t\t\t<section class=\"elementor-section elementor-inner-section elementor-element elementor-element-5e96bf88 elementor-section-boxed elementor-section-height-default elementor-section-height-default wpr-particle-no wpr-jarallax-no wpr-parallax-no wpr-sticky-section-no sc_fly_static\" data-id=\"5e96bf88\" data-element_type=\"section\">\n\t\t\t\t\t\t<div class=\"elementor-container elementor-column-gap-extended\">\n\t\t\t\t\t<div class=\"elementor-column elementor-col-100 elementor-inner-column elementor-element elementor-element-2737c2c0 sc_content_align_inherit sc_layouts_column_icons_position_left sc_fly_static\" data-id=\"2737c2c0\" data-element_type=\"column\">\n\t\t\t<div class=\"elementor-widget-wrap elementor-element-populated\">\n\t\t\t\t\t\t<div data-animation-type=\"block\" class=\"elementor-element elementor-element-3c558dcc animation_type_block sc_fly_static elementor-invisible elementor-widget elementor-widget-trx_sc_title\" data-id=\"3c558dcc\" data-element_type=\"widget\" data-settings=\"{&quot;_animation&quot;:&quot;belicia-fadeindown&quot;}\" data-widget_type=\"trx_sc_title.default\">\n\t\t\t\t<div class=\"elementor-widget-container\">\n\t\t\t\t\t<div\t\tclass=\"sc_title sc_title_default\" ><h1 class=\"sc_item_title sc_title_title sc_align_center sc_item_title_style_default sc_item_title_tag trx_addons_inline_530314002\"\n\t\t\t><span class=\"sc_item_title_text\">Book your stay now and experience unforgettable moments<\/span><\/h1><div class=\"sc_item_descr sc_title_descr sc_align_center sc_item_descr_with_custom_color trx_addons_inline_2018672046\"><\/div><\/div>\t\t\t\t<\/div>\n\t\t\t\t<\/div>\n\t\t\t\t<div data-animation-type=\"block\" class=\"elementor-element elementor-element-70b59ea elementor-align-center animation_type_block sc_fly_static elementor-invisible elementor-widget elementor-widget-button\" data-id=\"70b59ea\" data-element_type=\"widget\" data-settings=\"{&quot;_animation&quot;:&quot;belicia-fadeindown&quot;}\" data-widget_type=\"button.default\">\n\t\t\t\t<div class=\"elementor-widget-container\">\n\t\t\t\t\t\t\t\t\t<div class=\"elementor-button-wrapper\">\n\t\t\t\t\t<a class=\"elementor-button elementor-button-link elementor-size-sm\" href=\"https:\/\/hotel-bischofshol.de\/en\/reservierung\/\">\n\t\t\t\t\t\t<span class=\"elementor-button-content-wrapper\">\n\t\t\t\t\t\t\t\t\t<span class=\"elementor-button-text\">Reserve<\/span>\n\t\t\t\t\t<\/span>\n\t\t\t\t\t<\/a>\n\t\t\t\t<\/div>\n\t\t\t\t\t\t\t\t<\/div>\n\t\t\t\t<\/div>\n\t\t\t\t\t<\/div>\n\t\t<\/div>\n\t\t\t\t\t<\/div>\n\t\t<\/section>\n\t\t\t\t<div class=\"elementor-element elementor-element-2153b4a3 sc_fly_static elementor-widget elementor-widget-spacer\" data-id=\"2153b4a3\" data-element_type=\"widget\" data-widget_type=\"spacer.default\">\n\t\t\t\t<div class=\"elementor-widget-container\">\n\t\t\t\t\t\t\t<div class=\"elementor-spacer\">\n\t\t\t<div class=\"elementor-spacer-inner\"><\/div>\n\t\t<\/div>\n\t\t\t\t\t\t<\/div>\n\t\t\t\t<\/div>\n\t\t\t\t\t<\/div>\n\t\t<\/div>\n\t\t\t\t\t<\/div>\n\t\t<\/section>\n\t\t\t\t<\/div>","protected":false},"excerpt":{"rendered":"<p>mit ein- und ausfahrbarer \u00dcberdachung Terrassen und Lounge F\u00fcr viele ist Bischofshol ein bisschen von allem, f\u00fcr manchen sogar ein Zuhause f\u00fcr den Augenblick und eine Oase inmitten aufgeregter Gro\u00dfstadthektik.&hellip;<\/p>","protected":false},"author":2,"featured_media":0,"parent":0,"menu_order":0,"comment_status":"closed","ping_status":"closed","template":"","meta":{"footnotes":""},"class_list":["post-35790","page","type-page","status-publish","hentry"],"_links":{"self":[{"href":"https:\/\/hotel-bischofshol.de\/en\/wp-json\/wp\/v2\/pages\/35790","targetHints":{"allow":["GET"]}}],"collection":[{"href":"https:\/\/hotel-bischofshol.de\/en\/wp-json\/wp\/v2\/pages"}],"about":[{"href":"https:\/\/hotel-bischofshol.de\/en\/wp-json\/wp\/v2\/types\/page"}],"author":[{"embeddable":true,"href":"https:\/\/hotel-bischofshol.de\/en\/wp-json\/wp\/v2\/users\/2"}],"replies":[{"embeddable":true,"href":"https:\/\/hotel-bischofshol.de\/en\/wp-json\/wp\/v2\/comments?post=35790"}],"version-history":[{"count":86,"href":"https:\/\/hotel-bischofshol.de\/en\/wp-json\/wp\/v2\/pages\/35790\/revisions"}],"predecessor-version":[{"id":36861,"href":"https:\/\/hotel-bischofshol.de\/en\/wp-json\/wp\/v2\/pages\/35790\/revisions\/36861"}],"wp:attachment":[{"href":"https:\/\/hotel-bischofshol.de\/en\/wp-json\/wp\/v2\/media?parent=35790"}],"curies":[{"name":"wp","href":"https:\/\/api.w.org\/{rel}","templated":true}]}}