{"id":35684,"date":"2025-08-21T17:49:49","date_gmt":"2025-08-21T15:49:49","guid":{"rendered":"https:\/\/wp.hotel-bischofshol.de\/?page_id=35684"},"modified":"2025-08-26T00:23:11","modified_gmt":"2025-08-25T22:23:11","slug":"biergarten","status":"publish","type":"page","link":"https:\/\/hotel-bischofshol.de\/en\/biergarten\/","title":{"rendered":"Beer Garden"},"content":{"rendered":"<div data-elementor-type=\"wp-page\" data-elementor-id=\"35684\" class=\"elementor elementor-35684\">\n\t\t\t\t\t\t<section class=\"elementor-section elementor-top-section elementor-element elementor-element-9df5b19 elementor-section-full_width elementor-section-content-middle elementor-section-height-default elementor-section-height-default wpr-particle-no wpr-jarallax-no wpr-parallax-no wpr-sticky-section-no sc_fly_static\" data-id=\"9df5b19\" data-element_type=\"section\" data-settings=\"{&quot;background_background&quot;:&quot;classic&quot;}\">\n\t\t\t\t\t\t<div class=\"elementor-container elementor-column-gap-no\">\n\t\t\t\t\t<div data-animation-type=\"block\" class=\"elementor-column elementor-col-50 elementor-top-column elementor-element elementor-element-6a0b2622 sc_content_align_inherit sc_layouts_column_icons_position_left sc_fly_static\" data-id=\"6a0b2622\" data-element_type=\"column\" data-settings=\"{&quot;background_background&quot;:&quot;classic&quot;,&quot;animation&quot;:&quot;none&quot;}\">\n\t\t\t<div class=\"elementor-widget-wrap elementor-element-populated\">\n\t\t\t\t\t\t<div class=\"elementor-element elementor-element-24b2e527 sc_height_huge sc_fly_static elementor-widget elementor-widget-spacer\" data-id=\"24b2e527\" data-element_type=\"widget\" data-widget_type=\"spacer.default\">\n\t\t\t\t<div class=\"elementor-widget-container\">\n\t\t\t\t\t\t\t<div class=\"elementor-spacer\">\n\t\t\t<div class=\"elementor-spacer-inner\"><\/div>\n\t\t<\/div>\n\t\t\t\t\t\t<\/div>\n\t\t\t\t<\/div>\n\t\t\t\t<section data-animation-type=\"block\" class=\"elementor-section elementor-inner-section elementor-element elementor-element-24f93d0b elementor-section-boxed elementor-section-height-default elementor-section-height-default wpr-particle-no wpr-jarallax-no wpr-parallax-no wpr-sticky-section-no sc_fly_static\" data-id=\"24f93d0b\" data-element_type=\"section\" data-settings=\"{&quot;background_background&quot;:&quot;classic&quot;,&quot;animation&quot;:&quot;none&quot;}\">\n\t\t\t\t\t\t<div class=\"elementor-container elementor-column-gap-extended\">\n\t\t\t\t\t<div data-animation-type=\"block\" class=\"elementor-column elementor-col-50 elementor-inner-column elementor-element elementor-element-7d12c909 sc_content_align_inherit sc_layouts_column_icons_position_left sc_fly_static\" data-id=\"7d12c909\" data-element_type=\"column\" data-settings=\"{&quot;animation&quot;:&quot;none&quot;}\">\n\t\t\t<div class=\"elementor-widget-wrap elementor-element-populated\">\n\t\t\t\t\t\t<div data-animation-type=\"block\" class=\"elementor-element elementor-element-1929ae33 no-title animation_type_block sc_fly_static elementor-invisible elementor-widget elementor-widget-image\" data-id=\"1929ae33\" data-element_type=\"widget\" data-settings=\"{&quot;_animation&quot;:&quot;belicia-fadeinup&quot;}\" data-widget_type=\"image.default\">\n\t\t\t\t<div class=\"elementor-widget-container\">\n\t\t\t\t\t\t\t\t\t\t\t\t\t\t\t<img decoding=\"async\" src=\"https:\/\/hotel-bischofshol.de\/wp-content\/uploads\/elementor\/thumbs\/143184863_4060145227358106_8883770677907348826_n-ralavl55v83xov8x1yons684wmaeaolcrxe32nqiu0.jpg\" title=\"143184863_4060145227358106_8883770677907348826_n\" alt=\"143184863_4060145227358106_8883770677907348826_n\" loading=\"lazy\" \/>\t\t\t\t\t\t\t\t\t\t\t\t\t\t\t<\/div>\n\t\t\t\t<\/div>\n\t\t\t\t\t<\/div>\n\t\t<\/div>\n\t\t\t\t<div class=\"elementor-column elementor-col-50 elementor-inner-column elementor-element elementor-element-2413b822 sc_content_align_center sc_layouts_column_icons_position_left sc_fly_static\" data-id=\"2413b822\" data-element_type=\"column\">\n\t\t\t<div class=\"elementor-widget-wrap elementor-element-populated\">\n\t\t\t\t\t\t<div data-animation-type=\"block\" class=\"elementor-element elementor-element-1a340708 no-title animation_type_block sc_fly_static elementor-invisible elementor-widget elementor-widget-image\" data-id=\"1a340708\" data-element_type=\"widget\" data-settings=\"{&quot;_animation&quot;:&quot;belicia-fadeinup&quot;,&quot;_animation_delay&quot;:100}\" data-widget_type=\"image.default\">\n\t\t\t\t<div class=\"elementor-widget-container\">\n\t\t\t\t\t\t\t\t\t\t\t\t\t\t\t<img decoding=\"async\" src=\"https:\/\/hotel-bischofshol.de\/wp-content\/uploads\/elementor\/thumbs\/142975602_4060145247358104_5175939565697919346_n-e1755792357726-ralaxr5rmh2qgi3leeep14je7llv1k72qnjdwmiuhk.jpg\" title=\"142975602_4060145247358104_5175939565697919346_n\" alt=\"142975602_4060145247358104_5175939565697919346_n\" loading=\"lazy\" \/>\t\t\t\t\t\t\t\t\t\t\t\t\t\t\t<\/div>\n\t\t\t\t<\/div>\n\t\t\t\t\t<\/div>\n\t\t<\/div>\n\t\t\t\t\t<\/div>\n\t\t<\/section>\n\t\t\t\t<div class=\"elementor-element elementor-element-3b38e90b sc_height_huge sc_fly_static elementor-widget elementor-widget-spacer\" data-id=\"3b38e90b\" data-element_type=\"widget\" data-widget_type=\"spacer.default\">\n\t\t\t\t<div class=\"elementor-widget-container\">\n\t\t\t\t\t\t\t<div class=\"elementor-spacer\">\n\t\t\t<div class=\"elementor-spacer-inner\"><\/div>\n\t\t<\/div>\n\t\t\t\t\t\t<\/div>\n\t\t\t\t<\/div>\n\t\t\t\t\t<\/div>\n\t\t<\/div>\n\t\t\t\t<div data-animation-type=\"block\" class=\"elementor-column elementor-col-50 elementor-top-column elementor-element elementor-element-3b2913c3 sc_inner_width_1_2 sc_extra_bg_large_right sc-mobile_inner_width_none sc-tablet_inner_width_none scheme_default_private sc_content_align_inherit sc_layouts_column_icons_position_left animation_type_block sc_fly_static elementor-invisible\" data-id=\"3b2913c3\" data-element_type=\"column\" data-settings=\"{&quot;background_background&quot;:&quot;classic&quot;,&quot;animation&quot;:&quot;belicia-fadein&quot;}\">\n\t\t\t<div class=\"elementor-widget-wrap elementor-element-populated\">\n\t\t\t\t\t\t<div class=\"elementor-element elementor-element-1ddd9fa7 sc_fly_static elementor-widget elementor-widget-trx_sc_title\" data-id=\"1ddd9fa7\" data-element_type=\"widget\" data-widget_type=\"trx_sc_title.default\">\n\t\t\t\t<div class=\"elementor-widget-container\">\n\t\t\t\t\t<div\t\tclass=\"sc_title sc_title_default\" ><h1 class=\"sc_item_title sc_title_title sc_item_title_style_default sc_item_title_tag trx_addons_inline_455259157 translation-block\"\n\t\t\t><span class=\"sc_item_title_text\">The beer garden for<br> any weather<\/span><\/h1><div class=\"sc_item_descr sc_title_descr\"><p>in Hanover. On warm days of the year, our cozy beer garden under the beautiful canopy of chestnut trees comes alive with vibrant activity. A varied program of music events, live football broadcasts, and cinema screenings, along with performances by individual artists such as gospel singers, entertainers, and magicians, ensures that a visit to our beer garden is never boring.<\/p>\n<\/div><\/div>\t\t\t\t<\/div>\n\t\t\t\t<\/div>\n\t\t\t\t<div class=\"elementor-element elementor-element-ab2995f sc_fly_static elementor-widget elementor-widget-spacer\" data-id=\"ab2995f\" data-element_type=\"widget\" data-widget_type=\"spacer.default\">\n\t\t\t\t<div class=\"elementor-widget-container\">\n\t\t\t\t\t\t\t<div class=\"elementor-spacer\">\n\t\t\t<div class=\"elementor-spacer-inner\"><\/div>\n\t\t<\/div>\n\t\t\t\t\t\t<\/div>\n\t\t\t\t<\/div>\n\t\t\t\t<div class=\"elementor-element elementor-element-c80cba7 sc_fly_static elementor-widget elementor-widget-text-editor\" data-id=\"c80cba7\" data-element_type=\"widget\" data-widget_type=\"text-editor.default\">\n\t\t\t\t<div class=\"elementor-widget-container\">\n\t\t\t\t\t\t\t\t\t<p class=\"translation-block\">Opening hours during the warm season on rain-free days are:<br><strong>Monday to Friday from 3:00 pm<\/strong><br><strong>Saturday and Sunday from 12:00 pm<\/strong><\/p><div class=\"content\"><div class=\"mainwidth\"><div class=\"item-page\"><div><div>During the cold season, feel free to enjoy our terraces with retractable roofing in any weather.<br \/><br \/>On the LED screen in our beer garden, we show all Hannover 96 matches as well as major sporting events (European Championship, World Cup, Tour de France, etc.).<br \/><br \/>\u00a0<\/div><\/div><\/div><\/div><\/div><div class=\"tilec\"><div class=\"tile\"><div id=\"tile222\" class=\"anchor tileslide_container\"><div class=\"tileItem3tlbr\"><div class=\"main\"><div class=\"main2\">\u00a0<\/div><\/div><\/div><\/div><\/div><\/div>\t\t\t\t\t\t\t\t<\/div>\n\t\t\t\t<\/div>\n\t\t\t\t\t<\/div>\n\t\t<\/div>\n\t\t\t\t\t<\/div>\n\t\t<\/section>\n\t\t\t\t<section class=\"elementor-section elementor-top-section elementor-element elementor-element-4c1541e7 scheme_default elementor-section-boxed elementor-section-height-default elementor-section-height-default wpr-particle-no wpr-jarallax-no wpr-parallax-no wpr-sticky-section-no sc_fly_static\" data-id=\"4c1541e7\" data-element_type=\"section\" data-settings=\"{&quot;background_background&quot;:&quot;classic&quot;}\">\n\t\t\t\t\t\t\t<div class=\"elementor-background-overlay\"><\/div>\n\t\t\t\t\t\t\t<div class=\"elementor-container elementor-column-gap-extended\">\n\t\t\t\t\t<div class=\"elementor-column elementor-col-100 elementor-top-column elementor-element elementor-element-7849f75e sc_content_align_inherit sc_layouts_column_icons_position_left sc_fly_static\" data-id=\"7849f75e\" data-element_type=\"column\">\n\t\t\t<div class=\"elementor-widget-wrap elementor-element-populated\">\n\t\t\t\t\t\t<div class=\"elementor-element elementor-element-278b21e4 sc_fly_static elementor-widget elementor-widget-spacer\" data-id=\"278b21e4\" data-element_type=\"widget\" data-widget_type=\"spacer.default\">\n\t\t\t\t<div class=\"elementor-widget-container\">\n\t\t\t\t\t\t\t<div class=\"elementor-spacer\">\n\t\t\t<div class=\"elementor-spacer-inner\"><\/div>\n\t\t<\/div>\n\t\t\t\t\t\t<\/div>\n\t\t\t\t<\/div>\n\t\t\t\t<section data-animation-type=\"block\" class=\"elementor-section elementor-inner-section elementor-element elementor-element-3fe7bc45 elementor-section-boxed elementor-section-height-default elementor-section-height-default wpr-particle-no wpr-jarallax-no wpr-parallax-no wpr-sticky-section-no animation_type_block sc_fly_static elementor-invisible\" data-id=\"3fe7bc45\" data-element_type=\"section\" data-settings=\"{&quot;animation&quot;:&quot;belicia-fadeindown&quot;}\">\n\t\t\t\t\t\t<div class=\"elementor-container elementor-column-gap-extended\">\n\t\t\t\t\t<div class=\"elementor-column elementor-col-25 elementor-inner-column elementor-element elementor-element-7bdf281a sc_content_align_inherit sc_layouts_column_icons_position_left sc_fly_static\" data-id=\"7bdf281a\" data-element_type=\"column\">\n\t\t\t<div class=\"elementor-widget-wrap\">\n\t\t\t\t\t\t\t<\/div>\n\t\t<\/div>\n\t\t\t\t<div class=\"elementor-column elementor-col-50 elementor-inner-column elementor-element elementor-element-3f269507 sc_content_align_inherit sc_layouts_column_icons_position_left sc_fly_static\" data-id=\"3f269507\" data-element_type=\"column\">\n\t\t\t<div class=\"elementor-widget-wrap elementor-element-populated\">\n\t\t\t\t\t\t<div data-animation-type=\"block\" class=\"elementor-element elementor-element-2fdd7261 animation_type_block sc_fly_static elementor-invisible elementor-widget elementor-widget-trx_sc_title\" data-id=\"2fdd7261\" data-element_type=\"widget\" data-settings=\"{&quot;_animation&quot;:&quot;belicia-fadeinup&quot;}\" data-widget_type=\"trx_sc_title.default\">\n\t\t\t\t<div class=\"elementor-widget-container\">\n\t\t\t\t\t<div\t\tclass=\"sc_title sc_title_default\" ><h1 class=\"sc_item_title sc_title_title sc_align_center sc_item_title_style_default sc_item_title_tag trx_addons_inline_160852403\"\n\t\t\t><span class=\"sc_item_title_text\">Grilled dishes &amp; burgers to your taste<\/span><\/h1><div class=\"sc_item_descr sc_title_descr sc_align_center sc_item_descr_with_custom_color trx_addons_inline_422880107\"><p>Everything freshly prepared<\/p>\n<\/div><\/div>\t\t\t\t<\/div>\n\t\t\t\t<\/div>\n\t\t\t\t\t<\/div>\n\t\t<\/div>\n\t\t\t\t<div class=\"elementor-column elementor-col-25 elementor-inner-column elementor-element elementor-element-66c044ae sc_content_align_inherit sc_layouts_column_icons_position_left sc_fly_static\" data-id=\"66c044ae\" data-element_type=\"column\">\n\t\t\t<div class=\"elementor-widget-wrap\">\n\t\t\t\t\t\t\t<\/div>\n\t\t<\/div>\n\t\t\t\t\t<\/div>\n\t\t<\/section>\n\t\t\t\t<div class=\"elementor-element elementor-element-9305d1d sc_fly_static elementor-widget elementor-widget-spacer\" data-id=\"9305d1d\" data-element_type=\"widget\" data-widget_type=\"spacer.default\">\n\t\t\t\t<div class=\"elementor-widget-container\">\n\t\t\t\t\t\t\t<div class=\"elementor-spacer\">\n\t\t\t<div class=\"elementor-spacer-inner\"><\/div>\n\t\t<\/div>\n\t\t\t\t\t\t<\/div>\n\t\t\t\t<\/div>\n\t\t\t\t\t<\/div>\n\t\t<\/div>\n\t\t\t\t\t<\/div>\n\t\t<\/section>\n\t\t\t\t<\/div>","protected":false},"excerpt":{"rendered":"<p>Der Biergarten f\u00fcr jedes Wetter in Hannover. An den warmen Tagen des Jahres herrscht in unserem gem\u00fctlichen Biergarten unter dem sch\u00f6nen Bl\u00e4tterdach der Kastanien ein geradezu buntes Treiben. Ein abwechselungsreiches&hellip;<\/p>","protected":false},"author":2,"featured_media":0,"parent":0,"menu_order":0,"comment_status":"closed","ping_status":"closed","template":"","meta":{"footnotes":""},"class_list":["post-35684","page","type-page","status-publish","hentry"],"_links":{"self":[{"href":"https:\/\/hotel-bischofshol.de\/en\/wp-json\/wp\/v2\/pages\/35684","targetHints":{"allow":["GET"]}}],"collection":[{"href":"https:\/\/hotel-bischofshol.de\/en\/wp-json\/wp\/v2\/pages"}],"about":[{"href":"https:\/\/hotel-bischofshol.de\/en\/wp-json\/wp\/v2\/types\/page"}],"author":[{"embeddable":true,"href":"https:\/\/hotel-bischofshol.de\/en\/wp-json\/wp\/v2\/users\/2"}],"replies":[{"embeddable":true,"href":"https:\/\/hotel-bischofshol.de\/en\/wp-json\/wp\/v2\/comments?post=35684"}],"version-history":[{"count":67,"href":"https:\/\/hotel-bischofshol.de\/en\/wp-json\/wp\/v2\/pages\/35684\/revisions"}],"predecessor-version":[{"id":36420,"href":"https:\/\/hotel-bischofshol.de\/en\/wp-json\/wp\/v2\/pages\/35684\/revisions\/36420"}],"wp:attachment":[{"href":"https:\/\/hotel-bischofshol.de\/en\/wp-json\/wp\/v2\/media?parent=35684"}],"curies":[{"name":"wp","href":"https:\/\/api.w.org\/{rel}","templated":true}]}}